{"id":715,"date":"2023-10-16T09:59:11","date_gmt":"2023-10-16T06:59:11","guid":{"rendered":"https:\/\/costech.ee\/?page_id=715"},"modified":"2024-08-05T12:09:26","modified_gmt":"2024-08-05T09:09:26","slug":"kontakty","status":"publish","type":"page","link":"https:\/\/costech.ee\/ru\/kontakty\/","title":{"rendered":"\u041a\u043e\u043d\u0442\u0430\u043a\u0442\u044b"},"content":{"rendered":"<p>[et_pb_section fb_built=&#187;1&#8243; specialty=&#187;on&#187; _builder_version=&#187;4.23&#8243; _module_preset=&#187;default&#187; global_colors_info=&#187;{}&#187;][et_pb_column type=&#187;1_2&#8243; specialty_columns=&#187;2&#8243; _builder_version=&#187;4.16&#8243; custom_padding=&#187;|||&#187; global_colors_info=&#187;{}&#187; custom_padding__hover=&#187;|||&#187;][et_pb_row_inner _builder_version=&#187;4.23&#8243; _module_preset=&#187;default&#187; global_colors_info=&#187;{}&#187;][et_pb_column_inner saved_specialty_column_type=&#187;1_2&#8243; _builder_version=&#187;4.23&#8243; _module_preset=&#187;default&#187; global_colors_info=&#187;{}&#187;][et_pb_text _builder_version=&#187;4.21.0&#8243; _module_preset=&#187;default&#187; global_colors_info=&#187;{}&#187;]<\/p>\n<h1>\u041a\u043e\u043d\u0442\u0430\u043a\u0442\u044b<\/h1>\n<p>[\/et_pb_text][et_pb_text _builder_version=&#187;4.25.0&#8243; _module_preset=&#187;default&#187; hover_enabled=&#187;0&#8243; global_colors_info=&#187;{}&#187; sticky_enabled=&#187;0&#8243;]<\/p>\n<h4>Costech Microanalytical O\u00dc<\/h4>\n<p>Rahum\u00e4e tee 6a, 13415, \u0422\u0430\u043b\u043b\u0438\u043d\u043d, \u042d\u0441\u0442\u043e\u043d\u0438\u044f<\/p>\n<p><strong>\u042d-\u043c\u0435\u0438\u043b:<\/strong> info@costech.ee<br \/>\n<strong>\u0422\u0435\u043b\u0435\u0444\u043e\u043d:<\/strong> +372 607 78 50<br \/>\n<strong>\u0424\u0430\u043a\u0441:<\/strong> +372 607 78 51<\/p>\n<p><strong>\u041e\u0442\u0434\u0435\u043b \u043f\u0440\u043e\u0434\u0430\u0436:<\/strong><br \/>\n<strong>\u042d-\u043c\u0435\u0438\u043b:<\/strong> sales@costech.ee<br \/>\n<strong>\u0422\u0435\u043b\u0435\u0444\u043e\u043d:<\/strong> +372 607 78 70<\/p>\n<p><strong>\u041a\u043e\u043c\u043c\u0435\u0440\u0447\u0435\u0441\u043a\u0438\u0439 \u0434\u0438\u0440\u0435\u043a\u0442\u043e\u0440<\/strong><br \/>\n<strong>\u0422\u0435\u043b\u0435\u0444\u043e\u043d:<\/strong> +372 58 331 294<\/p>\n<p><strong>\u0422\u0435\u0445\u043d\u0438\u0447\u0435\u0441\u043a\u0430\u044f \u043f\u043e\u0434\u0434\u0435\u0440\u0436\u043a\u0430:<\/strong><br \/>\nsupport@costech.ee[\/et_pb_text][et_pb_text _builder_version=&#187;4.25.0&#8243; _module_preset=&#187;default&#187; header_4_font_size=&#187;22px&#187; global_colors_info=&#187;{}&#187;]<\/p>\n<h4>Projekti nr 2014-2020.15.03.22-0522 \u201cCostech arenguprogramm\u201d toetatakse Euroopa Regionaalarengu Fondi vahenditest.<\/h4>\n<p>[\/et_pb_text][et_pb_image src=&#187;https:\/\/costech.ee\/wp-content\/uploads\/2023\/11\/eas.png&#187; title_text=&#187;eas&#187; _builder_version=&#187;4.23&#8243; _module_preset=&#187;default&#187; global_colors_info=&#187;{}&#187;][\/et_pb_image][et_pb_text _builder_version=&#187;4.23&#8243; _module_preset=&#187;default&#187; global_colors_info=&#187;{}&#187;]Osa\u00fching Costech Microanalytical viib perioodil 09.12.2021-30.11.2024 ellu arendusprojekti \u201eCostech arenguprogramm\u201c. Projekt toetatakse<br \/>\nEAS Euroopa Regionaalarengu Fondist summas 223 016 \u20ac.<br \/>\nProjekti eesm\u00e4rgiks on uue toote v\u00e4ljat\u00f6\u00f6tamine, sertifitseerimine ja turule toomine, samuti partnerite arvu ja ettev\u00f5tte majanduskasvu suurendamine.[\/et_pb_text][\/et_pb_column_inner][\/et_pb_row_inner][\/et_pb_column][et_pb_column type=&#187;1_2&#8243; _builder_version=&#187;4.16&#8243; custom_padding=&#187;|||&#187; global_colors_info=&#187;{}&#187; custom_padding__hover=&#187;|||&#187;][dvppl_cf7_styler use_form_header=&#187;on&#187; form_header_title=&#187;\u0421\u0432\u044f\u0437\u0430\u0442\u044c\u0441\u044f \u0441 \u043d\u0430\u043c\u0438&#187; cf7=&#187;714&#8243; form_field_spacing=&#187;0px&#187; cr_custom_styles=&#187;on&#187; cr_size=&#187;21px&#187; cr_selected_color=&#187;#1E3F20&#8243; cr_border_color=&#187;#1E3F20&#8243; _builder_version=&#187;4.25.0&#8243; _module_preset=&#187;default&#187; custom_submit_button=&#187;on&#187; submit_button_text_size=&#187;22px&#187; submit_button_text_color=&#187;#FFFFFF&#187; submit_button_bg_color=&#187;#1E3F20&#8243; submit_button_border_width=&#187;10px&#187; submit_button_border_color=&#187;#1E3F20&#8243; global_colors_info=&#187;{}&#187;][\/dvppl_cf7_styler][\/et_pb_column][\/et_pb_section][et_pb_section fb_built=&#187;1&#8243; admin_label=&#187;Footer&#187; _builder_version=&#187;4.20.0&#8243; _module_preset=&#187;default&#187; global_module=&#187;322&#8243; saved_tabs=&#187;all&#187; collapsed=&#187;off&#187; global_colors_info=&#187;{}&#187;][et_pb_row column_structure=&#187;1_3,1_3,1_3&#8243; _builder_version=&#187;4.20.0&#8243; _module_preset=&#187;default&#187; global_colors_info=&#187;{}&#187;][et_pb_column type=&#187;1_3&#8243; _builder_version=&#187;4.20.0&#8243; _module_preset=&#187;default&#187; global_colors_info=&#187;{}&#187;][et_pb_text _builder_version=&#187;4.21.0&#8243; _module_preset=&#187;default&#187; header_5_font_size=&#187;20px&#187; custom_margin=&#187;||20px||false|false&#187; global_colors_info=&#187;{}&#187;]<\/p>\n<h5>\u041c\u0435\u043d\u044e<\/h5>\n<p>[\/et_pb_text][et_pb_text _builder_version=&#187;4.23&#8243; _module_preset=&#187;default&#187; link_text_color=&#187;#000000&#8243; custom_margin=&#187;||0px||false|false&#187; global_colors_info=&#187;{}&#187;]<a href=\"https:\/\/costech.ee\/ru\/partneram\/\">\u0421\u0442\u0430\u0442\u044c \u043f\u0430\u0440\u0442\u043d\u0451\u0440\u043e\u043c<\/a>[\/et_pb_text][et_pb_text _builder_version=&#187;4.23&#8243; _module_preset=&#187;default&#187; link_text_color=&#187;#000000&#8243; custom_margin=&#187;||0px||false|false&#187; global_colors_info=&#187;{}&#187;]<a href=\"https:\/\/costech.ee\/ru\/o-nas\/\">\u041e \u043d\u0430\u0441<\/a>[\/et_pb_text][et_pb_text _builder_version=&#187;4.23&#8243; _module_preset=&#187;default&#187; link_text_color=&#187;#000000&#8243; custom_margin=&#187;||0px||false|false&#187; global_colors_info=&#187;{}&#187;]<a href=\"https:\/\/costech.ee\/ru\/sobytija\/\">\u0421\u043e\u0431\u044b\u0442\u0438\u044f<\/a>[\/et_pb_text][et_pb_text _builder_version=&#187;4.23&#8243; _module_preset=&#187;default&#187; link_text_color=&#187;#000000&#8243; custom_margin=&#187;||0px||false|false&#187; global_colors_info=&#187;{}&#187;]<a href=\"https:\/\/costech.ee\/ru\/kontakty\/\">\u041a\u043e\u043d\u0442\u0430\u043a\u0442\u044b<\/a>[\/et_pb_text][\/et_pb_column][et_pb_column type=&#187;1_3&#8243; _builder_version=&#187;4.20.0&#8243; _module_preset=&#187;default&#187; global_colors_info=&#187;{}&#187;][et_pb_text _builder_version=&#187;4.21.0&#8243; _module_preset=&#187;default&#187; header_5_font_size=&#187;20px&#187; custom_margin=&#187;||20px||false|false&#187; global_colors_info=&#187;{}&#187;]<\/p>\n<h5>\u041f\u0440\u0438\u0431\u043e\u0440\u044b<\/h5>\n<p>[\/et_pb_text][et_pb_text _builder_version=&#187;4.25.0&#8243; _module_preset=&#187;default&#187; link_text_color=&#187;#000000&#8243; custom_margin=&#187;||0px||false|false&#187; global_colors_info=&#187;{}&#187;]<a href=\"https:\/\/costech.ee\/ru\/dumalyzer\/\">Dumalyzer\u2122<\/a>[\/et_pb_text][et_pb_text _builder_version=&#187;4.25.0&#8243; _module_preset=&#187;default&#187; link_text_color=&#187;#000000&#8243; custom_margin=&#187;||0px||false|false&#187; global_colors_info=&#187;{}&#187;]<a href=\"https:\/\/costech.ee\/ru\/sorbtometer-kelvin-1042\/\">\u0421\u043e\u0440\u0431\u0442\u043e\u043c\u0435\u0442\u0435\u0440 Kelvin 1042<\/a>[\/et_pb_text][et_pb_text _builder_version=&#187;4.25.0&#8243; _module_preset=&#187;default&#187; link_text_color=&#187;#000000&#8243; custom_margin=&#187;||0px||false|false&#187; global_colors_info=&#187;{}&#187;]<a href=\"https:\/\/costech.ee\/ru\/avtosemplery\/\">\u0410\u0432\u0442\u043e\u0441\u0435\u043c\u043f\u043b\u0435\u0440\u044b<\/a>[\/et_pb_text][et_pb_text _builder_version=&#187;4.25.0&#8243; _module_preset=&#187;default&#187; link_text_color=&#187;#000000&#8243; custom_margin=&#187;||0px||false|false&#187; global_colors_info=&#187;{}&#187;]<a href=\"https:\/\/costech.ee\/ru\/zapchasti-i-rashodnye-materialy\/\">\u0417\u0430\u043f\u0447\u0430\u0441\u0442\u0438 \u0438 \u0440\u0430\u0441\u0445\u043e\u0434\u043d\u044b\u0435 \u043c\u0430\u0442\u0435\u0440\u0438\u0430\u043b\u044b<\/a>[\/et_pb_text][et_pb_text _builder_version=&#187;4.23&#8243; _module_preset=&#187;default&#187; link_text_color=&#187;#000000&#8243; custom_margin=&#187;||0px||false|false&#187; global_colors_info=&#187;{}&#187;]<a href=\"https:\/\/costech.ee\/ru\/sfery-primenenij\/\">\u0421\u0444\u0435\u0440\u044b \u043f\u0440\u0438\u043c\u0435\u043d\u0435\u043d\u0438\u044f<\/a>[\/et_pb_text][et_pb_text _builder_version=&#187;4.23&#8243; _module_preset=&#187;default&#187; link_text_color=&#187;#000000&#8243; custom_margin=&#187;||0px||false|false&#187; global_colors_info=&#187;{}&#187;]<a href=\"https:\/\/costech.ee\/ru\/forma-zaprosa-dumalyzer\/\">\u041f\u043e\u043b\u0443\u0447\u0438\u0442\u044c \u043f\u0440\u0435\u0434\u043b\u043e\u0436\u0435\u043d\u0438\u0435<\/a>[\/et_pb_text][et_pb_text disabled_on=&#187;on|on|on&#187; _builder_version=&#187;4.23&#8243; _module_preset=&#187;default&#187; link_text_color=&#187;#000000&#8243; custom_margin=&#187;||0px||false|false&#187; disabled=&#187;on&#187; global_colors_info=&#187;{}&#187;]<\/p>\n<p><a href=\"https:\/\/costech.ee\/ru\/zapros-na-tehnicheskuyu-podderzhku\/\">\u0417\u0430\u043f\u0440\u043e\u0441 \u043d\u0430 \u0442\u0435\u0445\u043d\u0438\u0447\u0435\u0441\u043a\u0443\u044e \u043f\u043e\u0434\u0434\u0435\u0440\u0436\u043a\u0443<\/a><\/p>\n<p>[\/et_pb_text][\/et_pb_column][et_pb_column type=&#187;1_3&#8243; _builder_version=&#187;4.20.0&#8243; _module_preset=&#187;default&#187; global_colors_info=&#187;{}&#187;][et_pb_text _builder_version=&#187;4.25.0&#8243; _module_preset=&#187;default&#187; header_5_font_size=&#187;20px&#187; custom_margin=&#187;||20px||false|false&#187; global_colors_info=&#187;{}&#187;]<\/p>\n<h5>\u041e\u0442\u0434\u0435\u043b \u043f\u0440\u043e\u0434\u0430\u0436<\/h5>\n<p>[\/et_pb_text][et_pb_text _builder_version=&#187;4.21.0&#8243; _module_preset=&#187;default&#187; link_text_color=&#187;#000000&#8243; custom_margin=&#187;||0px||false|false&#187; global_colors_info=&#187;{}&#187;]Costech Microanalytical O\u00dc[\/et_pb_text][et_pb_text _builder_version=&#187;4.21.0&#8243; _module_preset=&#187;default&#187; link_text_color=&#187;#000000&#8243; custom_margin=&#187;||0px||false|false&#187; global_colors_info=&#187;{}&#187;]Rahum\u00e4e tee 6a, 13415, \u0422\u0430\u043b\u043b\u0438\u043d\u043d, \u042d\u0441\u0442\u043e\u043d\u0438\u044f[\/et_pb_text][et_pb_text _builder_version=&#187;4.25.0&#8243; _module_preset=&#187;default&#187; link_text_color=&#187;#000000&#8243; custom_margin=&#187;||0px||false|false&#187; global_colors_info=&#187;{}&#187;]<\/p>\n<p><a href=\"mailto:sales@costech.ee\">sales@costech.ee<\/a><\/p>\n<p>[\/et_pb_text][et_pb_text _builder_version=&#187;4.25.0&#8243; _module_preset=&#187;default&#187; link_text_color=&#187;#000000&#8243; custom_margin=&#187;||0px||false|false&#187; global_colors_info=&#187;{}&#187;]+372 607 7870[\/et_pb_text][et_pb_text _builder_version=&#187;4.25.0&#8243; _module_preset=&#187;default&#187; link_text_color=&#187;#000000&#8243; custom_margin=&#187;||0px||false|false&#187; global_colors_info=&#187;{}&#187;]+372 58 331 294[\/et_pb_text][\/et_pb_column][\/et_pb_row][\/et_pb_section]<\/p>\n","protected":false},"excerpt":{"rendered":"<p>\u041a\u043e\u043d\u0442\u0430\u043a\u0442\u044bCostech Microanalytical O\u00dc Rahum\u00e4e tee 6a, 13415, \u0422\u0430\u043b\u043b\u0438\u043d\u043d, \u042d\u0441\u0442\u043e\u043d\u0438\u044f \u042d-\u043c\u0435\u0438\u043b: info@costech.ee \u0422\u0435\u043b\u0435\u0444\u043e\u043d: +372 607 78 50 \u0424\u0430\u043a\u0441: +372 607 78 51 \u041e\u0442\u0434\u0435\u043b \u043f\u0440\u043e\u0434\u0430\u0436: \u042d-\u043c\u0435\u0438\u043b: sales@costech.ee \u0422\u0435\u043b\u0435\u0444\u043e\u043d: +372 607 78 70 \u041a\u043e\u043c\u043c\u0435\u0440\u0447\u0435\u0441\u043a\u0438\u0439 \u0434\u0438\u0440\u0435\u043a\u0442\u043e\u0440 \u0422\u0435\u043b\u0435\u0444\u043e\u043d: +372 58 331 294 \u0422\u0435\u0445\u043d\u0438\u0447\u0435\u0441\u043a\u0430\u044f \u043f\u043e\u0434\u0434\u0435\u0440\u0436\u043a\u0430: support@costech.eeProjekti nr 2014-2020.15.03.22-0522 \u201cCostech arenguprogramm\u201d toetatakse Euroopa Regionaalarengu Fondi vahenditest.Osa\u00fching Costech Microanalytical viib perioodil 09.12.2021-30.11.2024 ellu [&hellip;]<\/p>\n","protected":false},"author":2,"featured_media":0,"parent":0,"menu_order":0,"comment_status":"closed","ping_status":"closed","template":"","meta":{"_et_pb_use_builder":"on","_et_pb_old_content":"","_et_gb_content_width":"","footnotes":""},"dipi_cpt_category":[],"_links":{"self":[{"href":"https:\/\/costech.ee\/ru\/wp-json\/wp\/v2\/pages\/715"}],"collection":[{"href":"https:\/\/costech.ee\/ru\/wp-json\/wp\/v2\/pages"}],"about":[{"href":"https:\/\/costech.ee\/ru\/wp-json\/wp\/v2\/types\/page"}],"author":[{"embeddable":true,"href":"https:\/\/costech.ee\/ru\/wp-json\/wp\/v2\/users\/2"}],"replies":[{"embeddable":true,"href":"https:\/\/costech.ee\/ru\/wp-json\/wp\/v2\/comments?post=715"}],"version-history":[{"count":4,"href":"https:\/\/costech.ee\/ru\/wp-json\/wp\/v2\/pages\/715\/revisions"}],"predecessor-version":[{"id":1913,"href":"https:\/\/costech.ee\/ru\/wp-json\/wp\/v2\/pages\/715\/revisions\/1913"}],"wp:attachment":[{"href":"https:\/\/costech.ee\/ru\/wp-json\/wp\/v2\/media?parent=715"}],"wp:term":[{"taxonomy":"dipi_cpt_category","embeddable":true,"href":"https:\/\/costech.ee\/ru\/wp-json\/wp\/v2\/dipi_cpt_category?post=715"}],"curies":[{"name":"wp","href":"https:\/\/api.w.org\/{rel}","templated":true}]}}