{"id":2447,"date":"2023-10-16T09:59:11","date_gmt":"2023-10-16T06:59:11","guid":{"rendered":"https:\/\/costech.ee\/?page_id=2447"},"modified":"2025-01-21T10:58:05","modified_gmt":"2025-01-21T07:58:05","slug":"contact","status":"publish","type":"page","link":"https:\/\/costech.ee\/en\/contact\/","title":{"rendered":"Contact"},"content":{"rendered":"<p>[et_pb_section fb_built=&#8221;1&#8243; specialty=&#8221;on&#8221; _builder_version=&#8221;4.23&#8243; _module_preset=&#8221;default&#8221; global_colors_info=&#8221;{}&#8221;][et_pb_column type=&#8221;1_2&#8243; specialty_columns=&#8221;2&#8243; _builder_version=&#8221;4.16&#8243; custom_padding=&#8221;|||&#8221; global_colors_info=&#8221;{}&#8221; custom_padding__hover=&#8221;|||&#8221;][et_pb_row_inner _builder_version=&#8221;4.23&#8243; _module_preset=&#8221;default&#8221; global_colors_info=&#8221;{}&#8221;][et_pb_column_inner saved_specialty_column_type=&#8221;1_2&#8243; _builder_version=&#8221;4.23&#8243; _module_preset=&#8221;default&#8221; global_colors_info=&#8221;{}&#8221;][et_pb_text _builder_version=&#8221;4.25.0&#8243; _module_preset=&#8221;default&#8221; hover_enabled=&#8221;0&#8243; global_colors_info=&#8221;{}&#8221; sticky_enabled=&#8221;0&#8243;]<\/p>\n<h1>Contacts<\/h1>\n<p>[\/et_pb_text][et_pb_text _builder_version=&#8221;4.25.0&#8243; _module_preset=&#8221;default&#8221; hover_enabled=&#8221;0&#8243; global_colors_info=&#8221;{}&#8221; sticky_enabled=&#8221;0&#8243;]<\/p>\n<h4>Costech Microanalytical O\u00dc<\/h4>\n<p>Rahum\u00e4e tee 6a, 13415, Tallinn, Estonia<\/p>\n<p><strong>E-mail:<\/strong> info@costech.ee<br \/>\n<strong>Phone:<\/strong> +372 607 78 50<br \/>\n<strong>Fax:<\/strong> +372 607 78 51<\/p>\n<p><strong>Sales:<\/strong><br \/>\n<strong>E-mail:<\/strong> sales@costech.ee<br \/>\n<strong>Phone:<\/strong> +372 607 78 70<\/p>\n<p><strong>Commercial Director<\/strong><br \/>\n<strong>Phone:<\/strong> +372 58 331 294<\/p>\n<p><strong>Technical Support:<\/strong><br \/>\nsupport@costech.ee[\/et_pb_text][et_pb_text _builder_version=&#8221;4.25.0&#8243; _module_preset=&#8221;default&#8221; header_4_font_size=&#8221;22px&#8221; hover_enabled=&#8221;0&#8243; global_colors_info=&#8221;{}&#8221; sticky_enabled=&#8221;0&#8243;]<\/p>\n<h4>Projekti nr 2014-2020.15.03.22-0522 \u201cCostech arenguprogramm\u201d toetatakse Euroopa Regionaalarengu Fondi vahenditest.<\/h4>\n<p>[\/et_pb_text][et_pb_image src=&#8221;https:\/\/costech.ee\/wp-content\/uploads\/2023\/11\/eas.png&#8221; title_text=&#8221;eas&#8221; _builder_version=&#8221;4.23&#8243; _module_preset=&#8221;default&#8221; global_colors_info=&#8221;{}&#8221;][\/et_pb_image][et_pb_text _builder_version=&#8221;4.25.0&#8243; _module_preset=&#8221;default&#8221; hover_enabled=&#8221;0&#8243; global_colors_info=&#8221;{}&#8221; sticky_enabled=&#8221;0&#8243;]Osa\u00fching Costech Microanalytical viib perioodil 09.12.2021-30.11.2024 ellu arendusprojekti \u201eCostech arenguprogramm\u201c. Projekt toetatakse<br \/>\nEAS Euroopa Regionaalarengu Fondist summas 223 016 \u20ac.<br \/>\nProjekti eesm\u00e4rgiks on uue toote v\u00e4ljat\u00f6\u00f6tamine, sertifitseerimine ja turule toomine, samuti partnerite arvu ja ettev\u00f5tte majanduskasvu suurendamine.[\/et_pb_text][\/et_pb_column_inner][\/et_pb_row_inner][\/et_pb_column][et_pb_column type=&#8221;1_2&#8243; _builder_version=&#8221;4.16&#8243; custom_padding=&#8221;|||&#8221; global_colors_info=&#8221;{}&#8221; custom_padding__hover=&#8221;|||&#8221;][dvppl_cf7_styler use_form_header=&#8221;on&#8221; form_header_title=&#8221;Contact Us&#8221; cf7=&#8221;1104&#8243; form_field_spacing=&#8221;0px&#8221; cr_custom_styles=&#8221;on&#8221; cr_size=&#8221;21px&#8221; cr_selected_color=&#8221;#1E3F20&#8243; cr_border_color=&#8221;#1E3F20&#8243; _builder_version=&#8221;4.25.0&#8243; _module_preset=&#8221;default&#8221; custom_submit_button=&#8221;on&#8221; submit_button_text_size=&#8221;22px&#8221; submit_button_text_color=&#8221;#FFFFFF&#8221; submit_button_bg_color=&#8221;#1E3F20&#8243; submit_button_border_width=&#8221;10px&#8221; submit_button_border_color=&#8221;#1E3F20&#8243; hover_enabled=&#8221;0&#8243; global_colors_info=&#8221;{}&#8221; sticky_enabled=&#8221;0&#8243;][\/dvppl_cf7_styler][\/et_pb_column][\/et_pb_section][et_pb_section fb_built=&#8221;1&#8243; admin_label=&#8221;Footer&#8221; _builder_version=&#8221;4.20.0&#8243; _module_preset=&#8221;default&#8221; saved_tabs=&#8221;all&#8221; collapsed=&#8221;off&#8221; global_colors_info=&#8221;{}&#8221; global_module=&#8221;1090&#8243; theme_builder_area=&#8221;post_content&#8221;][et_pb_row column_structure=&#8221;1_3,1_3,1_3&#8243; _builder_version=&#8221;4.20.0&#8243; _module_preset=&#8221;default&#8221; global_colors_info=&#8221;{}&#8221; theme_builder_area=&#8221;post_content&#8221;][et_pb_column type=&#8221;1_3&#8243; _builder_version=&#8221;4.20.0&#8243; _module_preset=&#8221;default&#8221; global_colors_info=&#8221;{}&#8221; theme_builder_area=&#8221;post_content&#8221;][et_pb_text _builder_version=&#8221;4.23&#8243; _module_preset=&#8221;default&#8221; header_5_font_size=&#8221;20px&#8221; custom_margin=&#8221;||20px||false|false&#8221; global_colors_info=&#8221;{}&#8221; theme_builder_area=&#8221;post_content&#8221;]<\/p>\n<h5>Menu<\/h5>\n<p>[\/et_pb_text][et_pb_text _builder_version=&#8221;4.25.0&#8243; _module_preset=&#8221;default&#8221; link_text_color=&#8221;#000000&#8243; custom_margin=&#8221;||0px||false|false&#8221; global_colors_info=&#8221;{}&#8221; theme_builder_area=&#8221;post_content&#8221;]<a href=\"https:\/\/costech.ee\/en\/partners\/\">Become a partner<\/a>[\/et_pb_text][et_pb_text _builder_version=&#8221;4.23&#8243; _module_preset=&#8221;default&#8221; link_text_color=&#8221;#000000&#8243; custom_margin=&#8221;||0px||false|false&#8221; global_colors_info=&#8221;{}&#8221; theme_builder_area=&#8221;post_content&#8221;]<a href=\"https:\/\/costech.ee\/en\/about\/\">About us<\/a>[\/et_pb_text][et_pb_text _builder_version=&#8221;4.25.0&#8243; _module_preset=&#8221;default&#8221; link_text_color=&#8221;#000000&#8243; custom_margin=&#8221;||0px||false|false&#8221; global_colors_info=&#8221;{}&#8221; theme_builder_area=&#8221;post_content&#8221;]<\/p>\n<p><a href=\"#\">Events<\/a><\/p>\n<p>[\/et_pb_text][et_pb_text _builder_version=&#8221;4.23&#8243; _module_preset=&#8221;default&#8221; link_text_color=&#8221;#000000&#8243; custom_margin=&#8221;||0px||false|false&#8221; global_colors_info=&#8221;{}&#8221; theme_builder_area=&#8221;post_content&#8221;]<a href=\"https:\/\/costech.ee\/en\/contact\/\">Contact<\/a>[\/et_pb_text][\/et_pb_column][et_pb_column type=&#8221;1_3&#8243; _builder_version=&#8221;4.20.0&#8243; _module_preset=&#8221;default&#8221; global_colors_info=&#8221;{}&#8221; theme_builder_area=&#8221;post_content&#8221;][et_pb_text _builder_version=&#8221;4.25.0&#8243; _module_preset=&#8221;default&#8221; header_5_font_size=&#8221;20px&#8221; custom_margin=&#8221;||20px||false|false&#8221; global_colors_info=&#8221;{}&#8221; theme_builder_area=&#8221;post_content&#8221;]<\/p>\n<h5>Devices<\/h5>\n<p>[\/et_pb_text][et_pb_text _builder_version=&#8221;4.25.0&#8243; _module_preset=&#8221;default&#8221; link_text_color=&#8221;#000000&#8243; custom_margin=&#8221;||0px||false|false&#8221; global_colors_info=&#8221;{}&#8221; theme_builder_area=&#8221;post_content&#8221;]<a href=\"https:\/\/costech.ee\/en\/dumalyzer\/\">Dumalyzer\u2122<\/a>[\/et_pb_text][et_pb_text _builder_version=&#8221;4.25.0&#8243; _module_preset=&#8221;default&#8221; link_text_color=&#8221;#000000&#8243; custom_margin=&#8221;||0px||false|false&#8221; global_colors_info=&#8221;{}&#8221; theme_builder_area=&#8221;post_content&#8221;]<a href=\"https:\/\/costech.ee\/en\/sorbmeter-kelvin-1042\/\">Sorbtometer Kelvin 1042<\/a>[\/et_pb_text][et_pb_text _builder_version=&#8221;4.25.0&#8243; _module_preset=&#8221;default&#8221; link_text_color=&#8221;#000000&#8243; custom_margin=&#8221;||0px||false|false&#8221; global_colors_info=&#8221;{}&#8221; theme_builder_area=&#8221;post_content&#8221;]<a href=\"https:\/\/costech.ee\/en\/autosamplers\/\">Autosamplers<\/a>[\/et_pb_text][et_pb_text _builder_version=&#8221;4.25.0&#8243; _module_preset=&#8221;default&#8221; link_text_color=&#8221;#000000&#8243; custom_margin=&#8221;||0px||false|false&#8221; global_colors_info=&#8221;{}&#8221; theme_builder_area=&#8221;post_content&#8221;]<a href=\"https:\/\/costech.ee\/en\/spare-parts-and-consumables\/\">Spare parts and consumables<\/a>[\/et_pb_text][et_pb_text _builder_version=&#8221;4.25.0&#8243; _module_preset=&#8221;default&#8221; link_text_color=&#8221;#000000&#8243; custom_margin=&#8221;||0px||false|false&#8221; global_colors_info=&#8221;{}&#8221; theme_builder_area=&#8221;post_content&#8221;]<a href=\"https:\/\/costech.ee\/en\/areas-of-application\/\">Areas of application<\/a>[\/et_pb_text][et_pb_text _builder_version=&#8221;4.25.0&#8243; _module_preset=&#8221;default&#8221; link_text_color=&#8221;#000000&#8243; custom_margin=&#8221;||0px||false|false&#8221; global_colors_info=&#8221;{}&#8221; theme_builder_area=&#8221;post_content&#8221;]<a href=\"https:\/\/costech.ee\/en\/get-a-quote\/\">Get a quote<\/a>[\/et_pb_text][et_pb_text disabled_on=&#8221;on|on|on&#8221; _builder_version=&#8221;4.23&#8243; _module_preset=&#8221;default&#8221; link_text_color=&#8221;#000000&#8243; custom_margin=&#8221;||0px||false|false&#8221; disabled=&#8221;on&#8221; global_colors_info=&#8221;{}&#8221; theme_builder_area=&#8221;post_content&#8221;]<a href=\"https:\/\/costech.ee\/en\/technical-support\/\">Request for technical support<\/a>[\/et_pb_text][\/et_pb_column][et_pb_column type=&#8221;1_3&#8243; _builder_version=&#8221;4.20.0&#8243; _module_preset=&#8221;default&#8221; global_colors_info=&#8221;{}&#8221; theme_builder_area=&#8221;post_content&#8221;][et_pb_text _builder_version=&#8221;4.25.0&#8243; _module_preset=&#8221;default&#8221; header_5_font_size=&#8221;20px&#8221; custom_margin=&#8221;||20px||false|false&#8221; global_colors_info=&#8221;{}&#8221; theme_builder_area=&#8221;post_content&#8221;]<\/p>\n<h5>Sales<\/h5>\n<p>[\/et_pb_text][et_pb_text _builder_version=&#8221;4.23&#8243; _module_preset=&#8221;default&#8221; link_text_color=&#8221;#000000&#8243; custom_margin=&#8221;||0px||false|false&#8221; global_colors_info=&#8221;{}&#8221; theme_builder_area=&#8221;post_content&#8221;]Costech Microanalytical O\u00dc[\/et_pb_text][et_pb_text _builder_version=&#8221;4.23&#8243; _module_preset=&#8221;default&#8221; link_text_color=&#8221;#000000&#8243; custom_margin=&#8221;||0px||false|false&#8221; global_colors_info=&#8221;{}&#8221; theme_builder_area=&#8221;post_content&#8221;]Rahum\u00e4e tee 6a, 13415, Tallinn, Estonia[\/et_pb_text][et_pb_text _builder_version=&#8221;4.25.0&#8243; _module_preset=&#8221;default&#8221; link_text_color=&#8221;#000000&#8243; custom_margin=&#8221;||0px||false|false&#8221; global_colors_info=&#8221;{}&#8221; theme_builder_area=&#8221;post_content&#8221;]<a href=\"mailto:sales@costech.ee\">sales@costech.ee<\/a>[\/et_pb_text][et_pb_text _builder_version=&#8221;4.25.0&#8243; _module_preset=&#8221;default&#8221; link_text_color=&#8221;#000000&#8243; custom_margin=&#8221;||0px||false|false&#8221; global_colors_info=&#8221;{}&#8221; theme_builder_area=&#8221;post_content&#8221;]+372 607 7870[\/et_pb_text][et_pb_text _builder_version=&#8221;4.25.0&#8243; _module_preset=&#8221;default&#8221; link_text_color=&#8221;#000000&#8243; custom_margin=&#8221;||0px||false|false&#8221; global_colors_info=&#8221;{}&#8221; theme_builder_area=&#8221;post_content&#8221;]+372 58 331 294[\/et_pb_text][\/et_pb_column][\/et_pb_row][et_pb_row column_structure=&#8221;1_2,1_2&#8243; _builder_version=&#8221;4.20.0&#8243; _module_preset=&#8221;default&#8221; global_colors_info=&#8221;{}&#8221; theme_builder_area=&#8221;post_content&#8221;][et_pb_column type=&#8221;1_2&#8243; _builder_version=&#8221;4.20.0&#8243; _module_preset=&#8221;default&#8221; global_colors_info=&#8221;{}&#8221; theme_builder_area=&#8221;post_content&#8221;][et_pb_social_media_follow icon_color=&#8221;#000000&#8243; use_icon_font_size=&#8221;on&#8221; icon_font_size=&#8221;20px&#8221; icon_font_size_tablet=&#8221;18px&#8221; icon_font_size_phone=&#8221;16px&#8221; icon_font_size_last_edited=&#8221;on|phone&#8221; _builder_version=&#8221;4.21.0&#8243; _module_preset=&#8221;default&#8221; border_radii=&#8221;on|100px|100px|100px|100px&#8221; global_colors_info=&#8221;{}&#8221; theme_builder_area=&#8221;post_content&#8221;][et_pb_social_media_follow_network social_network=&#8221;facebook&#8221; _builder_version=&#8221;4.21.0&#8243; _module_preset=&#8221;default&#8221; background_color=&#8221;#6BBE4A&#8221; background_enable_color=&#8221;on&#8221; global_colors_info=&#8221;{}&#8221; theme_builder_area=&#8221;post_content&#8221; follow_button=&#8221;off&#8221; url_new_window=&#8221;on&#8221;]facebook[\/et_pb_social_media_follow_network][et_pb_social_media_follow_network social_network=&#8221;twitter&#8221; _builder_version=&#8221;4.21.0&#8243; _module_preset=&#8221;default&#8221; background_color=&#8221;#6BBE4A&#8221; background_enable_color=&#8221;on&#8221; global_colors_info=&#8221;{}&#8221; theme_builder_area=&#8221;post_content&#8221; follow_button=&#8221;off&#8221; url_new_window=&#8221;on&#8221;]twitter[\/et_pb_social_media_follow_network][et_pb_social_media_follow_network social_network=&#8221;instagram&#8221; _builder_version=&#8221;4.21.0&#8243; _module_preset=&#8221;default&#8221; background_color=&#8221;#6BBE4A&#8221; background_enable_color=&#8221;on&#8221; global_colors_info=&#8221;{}&#8221; theme_builder_area=&#8221;post_content&#8221; follow_button=&#8221;off&#8221; url_new_window=&#8221;on&#8221;]instagram[\/et_pb_social_media_follow_network][\/et_pb_social_media_follow][\/et_pb_column][et_pb_column type=&#8221;1_2&#8243; _builder_version=&#8221;4.20.0&#8243; _module_preset=&#8221;default&#8221; custom_padding=&#8221;16px||||false|false&#8221; custom_padding_tablet=&#8221;0px||||false|false&#8221; custom_padding_phone=&#8221;&#8221; custom_padding_last_edited=&#8221;on|desktop&#8221; global_colors_info=&#8221;{}&#8221; theme_builder_area=&#8221;post_content&#8221;][et_pb_text _builder_version=&#8221;4.23&#8243; _dynamic_attributes=&#8221;content&#8221; _module_preset=&#8221;default&#8221; text_orientation=&#8221;right&#8221; text_orientation_tablet=&#8221;left&#8221; text_orientation_phone=&#8221;&#8221; text_orientation_last_edited=&#8221;on|tablet&#8221; global_colors_info=&#8221;{}&#8221; theme_builder_area=&#8221;post_content&#8221;]@ET-DC@eyJkeW5hbWljIjp0cnVlLCJjb250ZW50IjoiY3VycmVudF9kYXRlIiwic2V0dGluZ3MiOnsiYmVmb3JlIjoiQ29weXJpZ2h0ICZjb3B5OyAiLCJhZnRlciI6IiBDb3N0ZWNoIE1pY3JvYW5hbHl0aWNhbC4gQWxsIFJpZ2h0cyBSZXNlcnZlZC4iLCJkYXRlX2Zvcm1hdCI6ImN1c3RvbSIsImN1c3RvbV9kYXRlX2Zvcm1hdCI6IlkifX0=@[\/et_pb_text][\/et_pb_column][\/et_pb_row][\/et_pb_section]<\/p>\n","protected":false},"excerpt":{"rendered":"<p>ContactsCostech Microanalytical O\u00dc Rahum\u00e4e tee 6a, 13415, Tallinn, Estonia E-mail: info@costech.ee Phone: +372 607 78 50 Fax: +372 607 78 51 Sales: E-mail: sales@costech.ee Phone: +372 607 78 70 Commercial Director Phone: +372 58 331 294 Technical Support: support@costech.eeProjekti nr 2014-2020.15.03.22-0522 \u201cCostech arenguprogramm\u201d toetatakse Euroopa Regionaalarengu Fondi vahenditest.Osa\u00fching Costech Microanalytical viib perioodil 09.12.2021-30.11.2024 ellu arendusprojekti [&hellip;]<\/p>\n","protected":false},"author":2,"featured_media":0,"parent":0,"menu_order":0,"comment_status":"closed","ping_status":"closed","template":"","meta":{"_et_pb_use_builder":"on","_et_pb_old_content":"[et_pb_section fb_built=\"1\" specialty=\"on\" _builder_version=\"4.23\" _module_preset=\"default\" global_colors_info=\"{}\"][et_pb_column type=\"1_2\" specialty_columns=\"2\" _builder_version=\"4.16\" custom_padding=\"|||\" global_colors_info=\"{}\" custom_padding__hover=\"|||\"][et_pb_row_inner _builder_version=\"4.23\" _module_preset=\"default\" global_colors_info=\"{}\"][et_pb_column_inner saved_specialty_column_type=\"1_2\" _builder_version=\"4.23\" _module_preset=\"default\" global_colors_info=\"{}\"][et_pb_text _builder_version=\"4.21.0\" _module_preset=\"default\" global_colors_info=\"{}\"]<h1>\u041a\u043e\u043d\u0442\u0430\u043a\u0442\u044b<\/h1>[\/et_pb_text][et_pb_text _builder_version=\"4.25.0\" _module_preset=\"default\" hover_enabled=\"0\" global_colors_info=\"{}\" sticky_enabled=\"0\"]<h4>Costech Microanalytical O\u00dc<\/h4>\r\nRahum\u00e4e tee 6a, 13415, \u0422\u0430\u043b\u043b\u0438\u043d\u043d, \u042d\u0441\u0442\u043e\u043d\u0438\u044f\r\n\r\n<strong>\u042d-\u043c\u0435\u0438\u043b:<\/strong> info@costech.ee\r\n<strong>\u0422\u0435\u043b\u0435\u0444\u043e\u043d:<\/strong> +372 607 78 50\r\n<strong>\u0424\u0430\u043a\u0441:<\/strong> +372 607 78 51\r\n\r\n<strong>\u041e\u0442\u0434\u0435\u043b \u043f\u0440\u043e\u0434\u0430\u0436:<\/strong>\r\n<strong>\u042d-\u043c\u0435\u0438\u043b:<\/strong> sales@costech.ee\r\n<strong>\u0422\u0435\u043b\u0435\u0444\u043e\u043d:<\/strong> +372 607 78 70\r\n\r\n<strong>\u041a\u043e\u043c\u043c\u0435\u0440\u0447\u0435\u0441\u043a\u0438\u0439 \u0434\u0438\u0440\u0435\u043a\u0442\u043e\u0440<\/strong>\r\n<strong>\u0422\u0435\u043b\u0435\u0444\u043e\u043d:<\/strong> +372 58 331 294\r\n\r\n<strong>\u0422\u0435\u0445\u043d\u0438\u0447\u0435\u0441\u043a\u0430\u044f \u043f\u043e\u0434\u0434\u0435\u0440\u0436\u043a\u0430:<\/strong>\r\nsupport@costech.ee[\/et_pb_text][et_pb_text _builder_version=\"4.25.0\" _module_preset=\"default\" header_4_font_size=\"22px\" global_colors_info=\"{}\"]<h4>Projekti nr 2014-2020.15.03.22-0522 \u201cCostech arenguprogramm\u201d toetatakse Euroopa Regionaalarengu Fondi vahenditest.<\/h4>[\/et_pb_text][et_pb_image src=\"https:\/\/costech.ee\/wp-content\/uploads\/2023\/11\/eas.png\" title_text=\"eas\" _builder_version=\"4.23\" _module_preset=\"default\" global_colors_info=\"{}\"][\/et_pb_image][et_pb_text _builder_version=\"4.23\" _module_preset=\"default\" global_colors_info=\"{}\"]Osa\u00fching Costech Microanalytical viib perioodil 09.12.2021-30.11.2024 ellu arendusprojekti \u201eCostech arenguprogramm\u201c. Projekt toetatakse\r\nEAS Euroopa Regionaalarengu Fondist summas 223 016 \u20ac.\r\nProjekti eesm\u00e4rgiks on uue toote v\u00e4ljat\u00f6\u00f6tamine, sertifitseerimine ja turule toomine, samuti partnerite arvu ja ettev\u00f5tte majanduskasvu suurendamine.[\/et_pb_text][\/et_pb_column_inner][\/et_pb_row_inner][\/et_pb_column][et_pb_column type=\"1_2\" _builder_version=\"4.16\" custom_padding=\"|||\" global_colors_info=\"{}\" custom_padding__hover=\"|||\"][dvppl_cf7_styler use_form_header=\"on\" form_header_title=\"\u0421\u0432\u044f\u0437\u0430\u0442\u044c\u0441\u044f \u0441 \u043d\u0430\u043c\u0438\" cf7=\"714\" form_field_spacing=\"0px\" cr_custom_styles=\"on\" cr_size=\"21px\" cr_selected_color=\"#1E3F20\" cr_border_color=\"#1E3F20\" _builder_version=\"4.25.0\" _module_preset=\"default\" custom_submit_button=\"on\" submit_button_text_size=\"22px\" submit_button_text_color=\"#FFFFFF\" submit_button_bg_color=\"#1E3F20\" submit_button_border_width=\"10px\" submit_button_border_color=\"#1E3F20\" global_colors_info=\"{}\"][\/dvppl_cf7_styler][\/et_pb_column][\/et_pb_section][et_pb_section fb_built=\"1\" admin_label=\"Footer\" _builder_version=\"4.20.0\" _module_preset=\"default\" global_module=\"322\" saved_tabs=\"all\" collapsed=\"off\" global_colors_info=\"{}\"][et_pb_row column_structure=\"1_3,1_3,1_3\" _builder_version=\"4.20.0\" _module_preset=\"default\" global_colors_info=\"{}\"][et_pb_column type=\"1_3\" _builder_version=\"4.20.0\" _module_preset=\"default\" global_colors_info=\"{}\"][et_pb_text _builder_version=\"4.21.0\" _module_preset=\"default\" header_5_font_size=\"20px\" custom_margin=\"||20px||false|false\" global_colors_info=\"{}\"]<h5>\u041c\u0435\u043d\u044e<\/h5>[\/et_pb_text][et_pb_text _builder_version=\"4.23\" _module_preset=\"default\" link_text_color=\"#000000\" custom_margin=\"||0px||false|false\" global_colors_info=\"{}\"]<a href=\"https:\/\/costech.ee\/ru\/partneram\/\">\u0421\u0442\u0430\u0442\u044c \u043f\u0430\u0440\u0442\u043d\u0451\u0440\u043e\u043c<\/a>[\/et_pb_text][et_pb_text _builder_version=\"4.23\" _module_preset=\"default\" link_text_color=\"#000000\" custom_margin=\"||0px||false|false\" global_colors_info=\"{}\"]<a href=\"https:\/\/costech.ee\/ru\/o-nas\/\">\u041e \u043d\u0430\u0441<\/a>[\/et_pb_text][et_pb_text _builder_version=\"4.23\" _module_preset=\"default\" link_text_color=\"#000000\" custom_margin=\"||0px||false|false\" global_colors_info=\"{}\"]<a href=\"https:\/\/costech.ee\/ru\/sobytija\/\">\u0421\u043e\u0431\u044b\u0442\u0438\u044f<\/a>[\/et_pb_text][et_pb_text _builder_version=\"4.23\" _module_preset=\"default\" link_text_color=\"#000000\" custom_margin=\"||0px||false|false\" global_colors_info=\"{}\"]<a href=\"https:\/\/costech.ee\/ru\/kontakty\/\">\u041a\u043e\u043d\u0442\u0430\u043a\u0442\u044b<\/a>[\/et_pb_text][\/et_pb_column][et_pb_column type=\"1_3\" _builder_version=\"4.20.0\" _module_preset=\"default\" global_colors_info=\"{}\"][et_pb_text _builder_version=\"4.21.0\" _module_preset=\"default\" header_5_font_size=\"20px\" custom_margin=\"||20px||false|false\" global_colors_info=\"{}\"]<h5>\u041f\u0440\u0438\u0431\u043e\u0440\u044b<\/h5>[\/et_pb_text][et_pb_text _builder_version=\"4.25.0\" _module_preset=\"default\" link_text_color=\"#000000\" custom_margin=\"||0px||false|false\" global_colors_info=\"{}\"]<a href=\"https:\/\/costech.ee\/ru\/dumalyzer\/\">Dumalyzer\u2122<\/a>[\/et_pb_text][et_pb_text _builder_version=\"4.25.0\" _module_preset=\"default\" link_text_color=\"#000000\" custom_margin=\"||0px||false|false\" global_colors_info=\"{}\"]<a href=\"https:\/\/costech.ee\/ru\/sorbtometer-kelvin-1042\/\">\u0421\u043e\u0440\u0431\u0442\u043e\u043c\u0435\u0442\u0435\u0440 Kelvin 1042<\/a>[\/et_pb_text][et_pb_text _builder_version=\"4.25.0\" _module_preset=\"default\" link_text_color=\"#000000\" custom_margin=\"||0px||false|false\" global_colors_info=\"{}\"]<a href=\"https:\/\/costech.ee\/ru\/avtosemplery\/\">\u0410\u0432\u0442\u043e\u0441\u0435\u043c\u043f\u043b\u0435\u0440\u044b<\/a>[\/et_pb_text][et_pb_text _builder_version=\"4.25.0\" _module_preset=\"default\" link_text_color=\"#000000\" custom_margin=\"||0px||false|false\" global_colors_info=\"{}\"]<a href=\"https:\/\/costech.ee\/ru\/zapchasti-i-rashodnye-materialy\/\">\u0417\u0430\u043f\u0447\u0430\u0441\u0442\u0438 \u0438 \u0440\u0430\u0441\u0445\u043e\u0434\u043d\u044b\u0435 \u043c\u0430\u0442\u0435\u0440\u0438\u0430\u043b\u044b<\/a>[\/et_pb_text][et_pb_text _builder_version=\"4.23\" _module_preset=\"default\" link_text_color=\"#000000\" custom_margin=\"||0px||false|false\" global_colors_info=\"{}\"]<a href=\"https:\/\/costech.ee\/ru\/sfery-primenenij\/\">\u0421\u0444\u0435\u0440\u044b \u043f\u0440\u0438\u043c\u0435\u043d\u0435\u043d\u0438\u044f<\/a>[\/et_pb_text][et_pb_text _builder_version=\"4.23\" _module_preset=\"default\" link_text_color=\"#000000\" custom_margin=\"||0px||false|false\" global_colors_info=\"{}\"]<a href=\"https:\/\/costech.ee\/ru\/forma-zaprosa-dumalyzer\/\">\u041f\u043e\u043b\u0443\u0447\u0438\u0442\u044c \u043f\u0440\u0435\u0434\u043b\u043e\u0436\u0435\u043d\u0438\u0435<\/a>[\/et_pb_text][et_pb_text disabled_on=\"on|on|on\" _builder_version=\"4.23\" _module_preset=\"default\" link_text_color=\"#000000\" custom_margin=\"||0px||false|false\" disabled=\"on\" global_colors_info=\"{}\"]<p><a href=\"https:\/\/costech.ee\/ru\/zapros-na-tehnicheskuyu-podderzhku\/\">\u0417\u0430\u043f\u0440\u043e\u0441 \u043d\u0430 \u0442\u0435\u0445\u043d\u0438\u0447\u0435\u0441\u043a\u0443\u044e \u043f\u043e\u0434\u0434\u0435\u0440\u0436\u043a\u0443<\/a><\/p>[\/et_pb_text][\/et_pb_column][et_pb_column type=\"1_3\" _builder_version=\"4.20.0\" _module_preset=\"default\" global_colors_info=\"{}\"][et_pb_text _builder_version=\"4.25.0\" _module_preset=\"default\" header_5_font_size=\"20px\" custom_margin=\"||20px||false|false\" global_colors_info=\"{}\"]<h5>\u041e\u0442\u0434\u0435\u043b \u043f\u0440\u043e\u0434\u0430\u0436<\/h5>[\/et_pb_text][et_pb_text _builder_version=\"4.21.0\" _module_preset=\"default\" link_text_color=\"#000000\" custom_margin=\"||0px||false|false\" global_colors_info=\"{}\"]Costech Microanalytical O\u00dc[\/et_pb_text][et_pb_text _builder_version=\"4.21.0\" _module_preset=\"default\" link_text_color=\"#000000\" custom_margin=\"||0px||false|false\" global_colors_info=\"{}\"]Rahum\u00e4e tee 6a, 13415, \u0422\u0430\u043b\u043b\u0438\u043d\u043d, \u042d\u0441\u0442\u043e\u043d\u0438\u044f[\/et_pb_text][et_pb_text _builder_version=\"4.25.0\" _module_preset=\"default\" link_text_color=\"#000000\" custom_margin=\"||0px||false|false\" global_colors_info=\"{}\"]<p><a href=\"mailto:sales@costech.ee\">sales@costech.ee<\/a><\/p>[\/et_pb_text][et_pb_text _builder_version=\"4.25.0\" _module_preset=\"default\" link_text_color=\"#000000\" custom_margin=\"||0px||false|false\" global_colors_info=\"{}\"]+372 607 7870[\/et_pb_text][et_pb_text _builder_version=\"4.25.0\" _module_preset=\"default\" link_text_color=\"#000000\" custom_margin=\"||0px||false|false\" global_colors_info=\"{}\"]+372 58 331 294[\/et_pb_text][\/et_pb_column][\/et_pb_row][\/et_pb_section]","_et_gb_content_width":"","footnotes":""},"dipi_cpt_category":[],"_links":{"self":[{"href":"https:\/\/costech.ee\/en\/wp-json\/wp\/v2\/pages\/2447"}],"collection":[{"href":"https:\/\/costech.ee\/en\/wp-json\/wp\/v2\/pages"}],"about":[{"href":"https:\/\/costech.ee\/en\/wp-json\/wp\/v2\/types\/page"}],"author":[{"embeddable":true,"href":"https:\/\/costech.ee\/en\/wp-json\/wp\/v2\/users\/2"}],"replies":[{"embeddable":true,"href":"https:\/\/costech.ee\/en\/wp-json\/wp\/v2\/comments?post=2447"}],"version-history":[{"count":3,"href":"https:\/\/costech.ee\/en\/wp-json\/wp\/v2\/pages\/2447\/revisions"}],"predecessor-version":[{"id":2452,"href":"https:\/\/costech.ee\/en\/wp-json\/wp\/v2\/pages\/2447\/revisions\/2452"}],"wp:attachment":[{"href":"https:\/\/costech.ee\/en\/wp-json\/wp\/v2\/media?parent=2447"}],"wp:term":[{"taxonomy":"dipi_cpt_category","embeddable":true,"href":"https:\/\/costech.ee\/en\/wp-json\/wp\/v2\/dipi_cpt_category?post=2447"}],"curies":[{"name":"wp","href":"https:\/\/api.w.org\/{rel}","templated":true}]}}